{"id":203,"date":"2024-05-09T11:46:59","date_gmt":"2024-05-09T11:46:59","guid":{"rendered":"https:\/\/eurotekmakine.com.tr\/?page_id=203"},"modified":"2024-09-22T16:04:11","modified_gmt":"2024-09-22T16:04:11","slug":"tamburlar","status":"publish","type":"page","link":"https:\/\/eurotekmakine.com.tr\/?page_id=203&lang=tr","title":{"rendered":"Tamburlar"},"content":{"rendered":"\t\t<div data-elementor-type=\"wp-page\" data-elementor-id=\"203\" class=\"elementor elementor-203\">\n\t\t\t\t<div class=\"elementor-element elementor-element-e1680bd e-flex e-con-boxed elementor-invisible e-con e-parent\" data-id=\"e1680bd\" data-element_type=\"container\" data-settings=\"{&quot;animation&quot;:&quot;fadeInUp&quot;,&quot;animation_delay&quot;:100}\">\n\t\t\t\t\t<div class=\"e-con-inner\">\n\t\t<div class=\"elementor-element elementor-element-feb50f8 e-con-full e-flex e-con e-child\" data-id=\"feb50f8\" data-element_type=\"container\">\n\t\t\t\t<div class=\"elementor-element elementor-element-8261a35 elementor-widget elementor-widget-heading\" data-id=\"8261a35\" data-element_type=\"widget\" data-widget_type=\"heading.default\">\n\t\t\t\t<div class=\"elementor-widget-container\">\n\t\t\t<h2 class=\"elementor-heading-title elementor-size-default\">GERG\u0130 KUYRUK TAMBURU<\/h2>\t\t<\/div>\n\t\t\t\t<\/div>\n\t\t\t\t<div class=\"elementor-element elementor-element-b9f3658 elementor-widget elementor-widget-text-editor\" data-id=\"b9f3658\" data-element_type=\"widget\" data-widget_type=\"text-editor.default\">\n\t\t\t\t<div class=\"elementor-widget-container\">\n\t\t\t\t\t\t\t<p>Bant boyunun k\u0131sa olmas\u0131 durumunda kay\u0131\u015f\u0131n\u0131n sonuna kuyruk&nbsp;<span style=\"font-size: inherit; text-align: inherit; color: var(--theme-text-color); font-family: var(--theme-font-family); font-style: var(--theme-font-style, inherit); font-weight: var(--theme-font-weight); letter-spacing: var(--theme-letter-spacing); text-transform: var(--theme-text-transform);\">tamburu olarak tak\u0131l\u0131r ve gerdirme sistemi tamburun miline ba\u011flan\u0131r.<\/span><\/p>\t\t\t\t\t\t<\/div>\n\t\t\t\t<\/div>\n\t\t\t\t<\/div>\n\t\t<div class=\"elementor-element elementor-element-65fddef e-con-full e-flex e-con e-child\" data-id=\"65fddef\" data-element_type=\"container\">\n\t\t\t\t<div class=\"elementor-element elementor-element-4e326d2 elementor-widget elementor-widget-image\" data-id=\"4e326d2\" data-element_type=\"widget\" data-widget_type=\"image.default\">\n\t\t\t\t<div class=\"elementor-widget-container\">\n\t\t\t\t\t\t\t\t\t\t\t\t\t<img fetchpriority=\"high\" decoding=\"async\" width=\"550\" height=\"367\" src=\"https:\/\/eurotekmakine.com.tr\/wp-content\/uploads\/2024\/05\/02_02PNG.jpg\" class=\"attachment-medium_large size-medium_large wp-image-219\" alt=\"\" srcset=\"https:\/\/eurotekmakine.com.tr\/wp-content\/uploads\/2024\/05\/02_02PNG.jpg 550w, https:\/\/eurotekmakine.com.tr\/wp-content\/uploads\/2024\/05\/02_02PNG-300x200.jpg 300w\" sizes=\"(max-width: 550px) 100vw, 550px\" \/>\t\t\t\t\t\t\t\t\t\t\t\t\t<\/div>\n\t\t\t\t<\/div>\n\t\t\t\t<\/div>\n\t\t\t\t\t<\/div>\n\t\t\t\t<\/div>\n\t\t<div class=\"elementor-element elementor-element-565a1ea e-flex e-con-boxed elementor-invisible e-con e-parent\" data-id=\"565a1ea\" data-element_type=\"container\" data-settings=\"{&quot;animation&quot;:&quot;fadeInUp&quot;,&quot;animation_delay&quot;:200}\">\n\t\t\t\t\t<div class=\"e-con-inner\">\n\t\t<div class=\"elementor-element elementor-element-dfc8b72 e-con-full e-flex e-con e-child\" data-id=\"dfc8b72\" data-element_type=\"container\">\n\t\t\t\t<div class=\"elementor-element elementor-element-afce1c4 elementor-widget elementor-widget-heading\" data-id=\"afce1c4\" data-element_type=\"widget\" data-widget_type=\"heading.default\">\n\t\t\t\t<div class=\"elementor-widget-container\">\n\t\t\t<h2 class=\"elementor-heading-title elementor-size-default\">TAHR\u0130K TAMBURU<\/h2>\t\t<\/div>\n\t\t\t\t<\/div>\n\t\t\t\t<div class=\"elementor-element elementor-element-943d71c elementor-widget elementor-widget-text-editor\" data-id=\"943d71c\" data-element_type=\"widget\" data-widget_type=\"text-editor.default\">\n\t\t\t\t<div class=\"elementor-widget-container\">\n\t\t\t\t\t\t\t<p>Bant kay\u0131\u015f\u0131na hareket veren tamburdur ve band\u0131n ba\u015f\u0131na tak\u0131l\u0131r.<br \/>Tamburun g\u00f6vde borusunu iyi kavrayabilmesi i\u00e7in kau\u00e7uk kaplama yap\u0131l\u0131r. S\u00f6k\u00fclebilir milli olup pens sistemi ile tambur borusuna ba\u011flan\u0131r.<\/p>\t\t\t\t\t\t<\/div>\n\t\t\t\t<\/div>\n\t\t\t\t<\/div>\n\t\t<div class=\"elementor-element elementor-element-d84fdbc e-con-full e-flex e-con e-child\" data-id=\"d84fdbc\" data-element_type=\"container\">\n\t\t\t\t<div class=\"elementor-element elementor-element-74867e7 elementor-widget elementor-widget-image\" data-id=\"74867e7\" data-element_type=\"widget\" data-widget_type=\"image.default\">\n\t\t\t\t<div class=\"elementor-widget-container\">\n\t\t\t\t\t\t\t\t\t\t\t\t\t<img decoding=\"async\" width=\"550\" height=\"367\" src=\"https:\/\/eurotekmakine.com.tr\/wp-content\/uploads\/2024\/05\/23.jpg\" class=\"attachment-medium_large size-medium_large wp-image-218\" alt=\"\" srcset=\"https:\/\/eurotekmakine.com.tr\/wp-content\/uploads\/2024\/05\/23.jpg 550w, https:\/\/eurotekmakine.com.tr\/wp-content\/uploads\/2024\/05\/23-300x200.jpg 300w\" sizes=\"(max-width: 550px) 100vw, 550px\" \/>\t\t\t\t\t\t\t\t\t\t\t\t\t<\/div>\n\t\t\t\t<\/div>\n\t\t\t\t<\/div>\n\t\t\t\t\t<\/div>\n\t\t\t\t<\/div>\n\t\t<div class=\"elementor-element elementor-element-7f97577 e-flex e-con-boxed elementor-invisible e-con e-parent\" data-id=\"7f97577\" data-element_type=\"container\" data-settings=\"{&quot;animation&quot;:&quot;fadeInUp&quot;,&quot;animation_delay&quot;:300}\">\n\t\t\t\t\t<div class=\"e-con-inner\">\n\t\t<div class=\"elementor-element elementor-element-d8bb54c e-con-full e-flex e-con e-child\" data-id=\"d8bb54c\" data-element_type=\"container\">\n\t\t\t\t<div class=\"elementor-element elementor-element-c9f820d elementor-widget elementor-widget-heading\" data-id=\"c9f820d\" data-element_type=\"widget\" data-widget_type=\"heading.default\">\n\t\t\t\t<div class=\"elementor-widget-container\">\n\t\t\t<h2 class=\"elementor-heading-title elementor-size-default\">SAPTIRMA TAMBURU<\/h2>\t\t<\/div>\n\t\t\t\t<\/div>\n\t\t\t\t<div class=\"elementor-element elementor-element-b75e534 elementor-widget elementor-widget-text-editor\" data-id=\"b75e534\" data-element_type=\"widget\" data-widget_type=\"text-editor.default\">\n\t\t\t\t<div class=\"elementor-widget-container\">\n\t\t\t\t\t\t\t<p>Tahrik ve kuyruk tamburlar\u0131na g\u00f6re daha k\u00fc\u00e7\u00fck \u00e7apl\u0131 olurlar. G\u00f6revleri ise band\u0131n gerfi ve tahrik tamburlar\u0131na sar\u0131lmalar\u0131n\u0131, y\u00f6nlendirilmelerini sa\u011flamaktad\u0131r.<\/p>\t\t\t\t\t\t<\/div>\n\t\t\t\t<\/div>\n\t\t\t\t<\/div>\n\t\t<div class=\"elementor-element elementor-element-5751225 e-con-full e-flex e-con e-child\" data-id=\"5751225\" data-element_type=\"container\">\n\t\t\t\t<div class=\"elementor-element elementor-element-4ca8e75 elementor-widget elementor-widget-image\" data-id=\"4ca8e75\" data-element_type=\"widget\" data-widget_type=\"image.default\">\n\t\t\t\t<div class=\"elementor-widget-container\">\n\t\t\t\t\t\t\t\t\t\t\t\t\t<img decoding=\"async\" width=\"768\" height=\"768\" src=\"https:\/\/eurotekmakine.com.tr\/wp-content\/uploads\/2024\/05\/BELT-TRACKING-thumb01-768x768.jpg\" class=\"attachment-medium_large size-medium_large wp-image-216\" alt=\"\" srcset=\"https:\/\/eurotekmakine.com.tr\/wp-content\/uploads\/2024\/05\/BELT-TRACKING-thumb01-768x768.jpg 768w, https:\/\/eurotekmakine.com.tr\/wp-content\/uploads\/2024\/05\/BELT-TRACKING-thumb01-300x300.jpg 300w, https:\/\/eurotekmakine.com.tr\/wp-content\/uploads\/2024\/05\/BELT-TRACKING-thumb01-150x150.jpg 150w, https:\/\/eurotekmakine.com.tr\/wp-content\/uploads\/2024\/05\/BELT-TRACKING-thumb01.jpg 800w\" sizes=\"(max-width: 768px) 100vw, 768px\" \/>\t\t\t\t\t\t\t\t\t\t\t\t\t<\/div>\n\t\t\t\t<\/div>\n\t\t\t\t<\/div>\n\t\t\t\t\t<\/div>\n\t\t\t\t<\/div>\n\t\t<div class=\"elementor-element elementor-element-4b613da e-flex e-con-boxed elementor-invisible e-con e-parent\" data-id=\"4b613da\" data-element_type=\"container\" data-settings=\"{&quot;animation&quot;:&quot;fadeInUp&quot;,&quot;animation_delay&quot;:400}\">\n\t\t\t\t\t<div class=\"e-con-inner\">\n\t\t<div class=\"elementor-element elementor-element-b5d1893 e-con-full e-flex e-con e-child\" data-id=\"b5d1893\" data-element_type=\"container\">\n\t\t\t\t<div class=\"elementor-element elementor-element-435e117 elementor-widget elementor-widget-heading\" data-id=\"435e117\" data-element_type=\"widget\" data-widget_type=\"heading.default\">\n\t\t\t\t<div class=\"elementor-widget-container\">\n\t\t\t<h2 class=\"elementor-heading-title elementor-size-default\">MANYET\u0130K TA\u015eIMA TAMBURU<\/h2>\t\t<\/div>\n\t\t\t\t<\/div>\n\t\t\t\t<div class=\"elementor-element elementor-element-f0809a0 elementor-widget elementor-widget-text-editor\" data-id=\"f0809a0\" data-element_type=\"widget\" data-widget_type=\"text-editor.default\">\n\t\t\t\t<div class=\"elementor-widget-container\">\n\t\t\t\t\t\t\t<p>Paketleme sistemlerinin \u00f6l\u00e7\u00fcm kanatlar\u0131nda kullan\u0131lan<br \/>hassas \u00f6l\u00e7\u00fcm taburu.<\/p>\t\t\t\t\t\t<\/div>\n\t\t\t\t<\/div>\n\t\t\t\t<\/div>\n\t\t<div class=\"elementor-element elementor-element-153e4b4 e-con-full e-flex e-con e-child\" data-id=\"153e4b4\" data-element_type=\"container\">\n\t\t\t\t<div class=\"elementor-element elementor-element-9ed2ecf elementor-widget elementor-widget-image\" data-id=\"9ed2ecf\" data-element_type=\"widget\" data-widget_type=\"image.default\">\n\t\t\t\t<div class=\"elementor-widget-container\">\n\t\t\t\t\t\t\t\t\t\t\t\t\t<img decoding=\"async\" width=\"768\" height=\"768\" src=\"https:\/\/eurotekmakine.com.tr\/wp-content\/uploads\/2024\/05\/BELT-TRACKING-thumb01-768x768.jpg\" class=\"attachment-medium_large size-medium_large wp-image-216\" alt=\"\" srcset=\"https:\/\/eurotekmakine.com.tr\/wp-content\/uploads\/2024\/05\/BELT-TRACKING-thumb01-768x768.jpg 768w, https:\/\/eurotekmakine.com.tr\/wp-content\/uploads\/2024\/05\/BELT-TRACKING-thumb01-300x300.jpg 300w, https:\/\/eurotekmakine.com.tr\/wp-content\/uploads\/2024\/05\/BELT-TRACKING-thumb01-150x150.jpg 150w, https:\/\/eurotekmakine.com.tr\/wp-content\/uploads\/2024\/05\/BELT-TRACKING-thumb01.jpg 800w\" sizes=\"(max-width: 768px) 100vw, 768px\" \/>\t\t\t\t\t\t\t\t\t\t\t\t\t<\/div>\n\t\t\t\t<\/div>\n\t\t\t\t<\/div>\n\t\t\t\t\t<\/div>\n\t\t\t\t<\/div>\n\t\t<div class=\"elementor-element elementor-element-8dfeb6e e-flex e-con-boxed elementor-invisible e-con e-parent\" data-id=\"8dfeb6e\" data-element_type=\"container\" data-settings=\"{&quot;animation&quot;:&quot;fadeInUp&quot;,&quot;animation_delay&quot;:500}\">\n\t\t\t\t\t<div class=\"e-con-inner\">\n\t\t<div class=\"elementor-element elementor-element-24cc0d6 e-con-full e-flex e-con e-child\" data-id=\"24cc0d6\" data-element_type=\"container\">\n\t\t\t\t<div class=\"elementor-element elementor-element-008a375 elementor-widget elementor-widget-heading\" data-id=\"008a375\" data-element_type=\"widget\" data-widget_type=\"heading.default\">\n\t\t\t\t<div class=\"elementor-widget-container\">\n\t\t\t<h2 class=\"elementor-heading-title elementor-size-default\">\u00c7UBUKLU SIYIRICI TAMBURU<\/h2>\t\t<\/div>\n\t\t\t\t<\/div>\n\t\t\t\t<div class=\"elementor-element elementor-element-0058164 elementor-widget elementor-widget-text-editor\" data-id=\"0058164\" data-element_type=\"widget\" data-widget_type=\"text-editor.default\">\n\t\t\t\t<div class=\"elementor-widget-container\">\n\t\t\t\t\t\t\t<p>\u00c7ubuklu tamburlar sistemde genellikle kuyruk k\u0131sm\u0131na tak\u0131ld\u0131klar\u0131 gibi tahrik tamburu olarak da kullan\u0131labilirler. Yan flan\u015flar\u0131n \u00fczerine yerle\u015ftirilmi\u015f olan \u00e7ubuklar sayesinde band\u0131n y\u00fczeyine yap\u0131\u015fm\u0131\u015f olan yabanc\u0131 maddeleri temizlemede kullan\u0131l\u0131r.<\/p>\t\t\t\t\t\t<\/div>\n\t\t\t\t<\/div>\n\t\t\t\t<\/div>\n\t\t<div class=\"elementor-element elementor-element-9dab593 e-con-full e-flex e-con e-child\" data-id=\"9dab593\" data-element_type=\"container\">\n\t\t\t\t<div class=\"elementor-element elementor-element-57de479 elementor-widget elementor-widget-image\" data-id=\"57de479\" data-element_type=\"widget\" data-widget_type=\"image.default\">\n\t\t\t\t<div class=\"elementor-widget-container\">\n\t\t\t\t\t\t\t\t\t\t\t\t\t<img loading=\"lazy\" decoding=\"async\" width=\"768\" height=\"768\" src=\"https:\/\/eurotekmakine.com.tr\/wp-content\/uploads\/2024\/05\/heavy_duty_wing_pulley_1000x1000-768x768.png\" class=\"attachment-medium_large size-medium_large wp-image-224\" alt=\"\" srcset=\"https:\/\/eurotekmakine.com.tr\/wp-content\/uploads\/2024\/05\/heavy_duty_wing_pulley_1000x1000-768x768.png 768w, https:\/\/eurotekmakine.com.tr\/wp-content\/uploads\/2024\/05\/heavy_duty_wing_pulley_1000x1000-300x300.png 300w, https:\/\/eurotekmakine.com.tr\/wp-content\/uploads\/2024\/05\/heavy_duty_wing_pulley_1000x1000-150x150.png 150w, https:\/\/eurotekmakine.com.tr\/wp-content\/uploads\/2024\/05\/heavy_duty_wing_pulley_1000x1000.png 1000w\" sizes=\"(max-width: 768px) 100vw, 768px\" \/>\t\t\t\t\t\t\t\t\t\t\t\t\t<\/div>\n\t\t\t\t<\/div>\n\t\t\t\t<\/div>\n\t\t\t\t\t<\/div>\n\t\t\t\t<\/div>\n\t\t<div class=\"elementor-element elementor-element-2e9d241 e-flex e-con-boxed elementor-invisible e-con e-parent\" data-id=\"2e9d241\" data-element_type=\"container\" data-settings=\"{&quot;animation&quot;:&quot;fadeInUp&quot;,&quot;animation_delay&quot;:600}\">\n\t\t\t\t\t<div class=\"e-con-inner\">\n\t\t<div class=\"elementor-element elementor-element-e72e3d7 e-con-full e-flex e-con e-child\" data-id=\"e72e3d7\" data-element_type=\"container\">\n\t\t\t\t<div class=\"elementor-element elementor-element-c38a1c1 elementor-widget elementor-widget-heading\" data-id=\"c38a1c1\" data-element_type=\"widget\" data-widget_type=\"heading.default\">\n\t\t\t\t<div class=\"elementor-widget-container\">\n\t\t\t<h2 class=\"elementor-heading-title elementor-size-default\">POLYAMID KAPLI TAMBUR<\/h2>\t\t<\/div>\n\t\t\t\t<\/div>\n\t\t\t\t<div class=\"elementor-element elementor-element-b8068b3 elementor-widget elementor-widget-text-editor\" data-id=\"b8068b3\" data-element_type=\"widget\" data-widget_type=\"text-editor.default\">\n\t\t\t\t<div class=\"elementor-widget-container\">\n\t\t\t\t\t\t\t<p>Tahrik ve kuyruk tamburlar\u0131na g\u00f6re daha k\u00fc\u00e7\u00fck \u00e7apl\u0131 olurlar. G\u00f6revleri ise band\u0131n gerfi ve tahrik tamburlar\u0131na sar\u0131lmalar\u0131n\u0131, y\u00f6nlendirilmelerini sa\u011flamaktad\u0131r.<\/p>\t\t\t\t\t\t<\/div>\n\t\t\t\t<\/div>\n\t\t\t\t<\/div>\n\t\t<div class=\"elementor-element elementor-element-d586535 e-con-full e-flex e-con e-child\" data-id=\"d586535\" data-element_type=\"container\">\n\t\t\t\t<div class=\"elementor-element elementor-element-cda0c14 elementor-widget elementor-widget-image\" data-id=\"cda0c14\" data-element_type=\"widget\" data-widget_type=\"image.default\">\n\t\t\t\t<div class=\"elementor-widget-container\">\n\t\t\t\t\t\t\t\t\t\t\t\t\t<img loading=\"lazy\" decoding=\"async\" width=\"768\" height=\"768\" src=\"https:\/\/eurotekmakine.com.tr\/wp-content\/uploads\/2024\/05\/pro_duty_1000x1000-768x768.jpg\" class=\"attachment-medium_large size-medium_large wp-image-226\" alt=\"\" srcset=\"https:\/\/eurotekmakine.com.tr\/wp-content\/uploads\/2024\/05\/pro_duty_1000x1000-768x768.jpg 768w, https:\/\/eurotekmakine.com.tr\/wp-content\/uploads\/2024\/05\/pro_duty_1000x1000-300x300.jpg 300w, https:\/\/eurotekmakine.com.tr\/wp-content\/uploads\/2024\/05\/pro_duty_1000x1000-150x150.jpg 150w, https:\/\/eurotekmakine.com.tr\/wp-content\/uploads\/2024\/05\/pro_duty_1000x1000.jpg 1000w\" sizes=\"(max-width: 768px) 100vw, 768px\" \/>\t\t\t\t\t\t\t\t\t\t\t\t\t<\/div>\n\t\t\t\t<\/div>\n\t\t\t\t<\/div>\n\t\t\t\t\t<\/div>\n\t\t\t\t<\/div>\n\t\t\t\t<\/div>\n\t\t","protected":false},"excerpt":{"rendered":"<p>GERG\u0130 KUYRUK TAMBURU Bant boyunun k\u0131sa olmas\u0131 durumunda kay\u0131\u015f\u0131n\u0131n sonuna kuyruk&nbsp;tamburu olarak tak\u0131l\u0131r ve gerdirme sistemi tamburun miline ba\u011flan\u0131r. TAHR\u0130K TAMBURU Bant kay\u0131\u015f\u0131na hareket veren tamburdur ve band\u0131n ba\u015f\u0131na tak\u0131l\u0131r.Tamburun g\u00f6vde borusunu iyi kavrayabilmesi i\u00e7in kau\u00e7uk kaplama yap\u0131l\u0131r. S\u00f6k\u00fclebilir milli olup pens sistemi ile tambur borusuna ba\u011flan\u0131r. SAPTIRMA TAMBURU Tahrik ve kuyruk tamburlar\u0131na g\u00f6re daha [&hellip;]<\/p>\n","protected":false},"author":1,"featured_media":0,"parent":0,"menu_order":0,"comment_status":"closed","ping_status":"closed","template":"","meta":{"footnotes":""},"blocksy_meta":[],"_links":{"self":[{"href":"https:\/\/eurotekmakine.com.tr\/index.php?rest_route=\/wp\/v2\/pages\/203"}],"collection":[{"href":"https:\/\/eurotekmakine.com.tr\/index.php?rest_route=\/wp\/v2\/pages"}],"about":[{"href":"https:\/\/eurotekmakine.com.tr\/index.php?rest_route=\/wp\/v2\/types\/page"}],"author":[{"embeddable":true,"href":"https:\/\/eurotekmakine.com.tr\/index.php?rest_route=\/wp\/v2\/users\/1"}],"replies":[{"embeddable":true,"href":"https:\/\/eurotekmakine.com.tr\/index.php?rest_route=%2Fwp%2Fv2%2Fcomments&post=203"}],"version-history":[{"count":14,"href":"https:\/\/eurotekmakine.com.tr\/index.php?rest_route=\/wp\/v2\/pages\/203\/revisions"}],"predecessor-version":[{"id":238,"href":"https:\/\/eurotekmakine.com.tr\/index.php?rest_route=\/wp\/v2\/pages\/203\/revisions\/238"}],"wp:attachment":[{"href":"https:\/\/eurotekmakine.com.tr\/index.php?rest_route=%2Fwp%2Fv2%2Fmedia&parent=203"}],"curies":[{"name":"wp","href":"https:\/\/api.w.org\/{rel}","templated":true}]}}