{"id":12,"date":"2024-04-25T07:53:13","date_gmt":"2024-04-25T07:53:13","guid":{"rendered":"https:\/\/eurotekmakine.com.tr\/?page_id=12"},"modified":"2024-09-22T16:02:05","modified_gmt":"2024-09-22T16:02:05","slug":"hakkimizda","status":"publish","type":"page","link":"https:\/\/eurotekmakine.com.tr\/?page_id=12&lang=tr","title":{"rendered":"HAKKIMIZDA"},"content":{"rendered":"\t\t<div data-elementor-type=\"wp-page\" data-elementor-id=\"12\" class=\"elementor elementor-12\">\n\t\t\t\t<div class=\"elementor-element elementor-element-03d254a e-flex e-con-boxed e-con e-parent\" data-id=\"03d254a\" data-element_type=\"container\">\n\t\t\t\t\t<div class=\"e-con-inner\">\n\t\t<div class=\"elementor-element elementor-element-c80fb98 e-con-full e-flex e-con e-child\" data-id=\"c80fb98\" data-element_type=\"container\">\n\t\t\t\t<div class=\"elementor-element elementor-element-78faf97 elementor-widget elementor-widget-heading\" data-id=\"78faf97\" data-element_type=\"widget\" data-widget_type=\"heading.default\">\n\t\t\t\t<div class=\"elementor-widget-container\">\n\t\t\t<h2 class=\"elementor-heading-title elementor-size-default\">HAKKIMIZDA<\/h2>\t\t<\/div>\n\t\t\t\t<\/div>\n\t\t\t\t<div class=\"elementor-element elementor-element-f25b6e5 elementor-widget elementor-widget-text-editor\" data-id=\"f25b6e5\" data-element_type=\"widget\" data-widget_type=\"text-editor.default\">\n\t\t\t\t<div class=\"elementor-widget-container\">\n\t\t\t\t\t\t\t<ul><li>Hidrolik delici i\u015f makineleri, yap\u0131 in\u015faat\u0131, madencilik ve di\u011fer sanayi alanlar\u0131nda s\u0131kl\u0131kla kullan\u0131lan, dayan\u0131kl\u0131 ve y\u00fcksek performansl\u0131 makinelerdir. Bu makinelerin do\u011fru \u00e7al\u0131\u015fmas\u0131 ve performanslar\u0131n\u0131 en \u00fcst seviyede tutabilmek i\u00e7in d\u00fczenli bak\u0131m ve yedek par\u00e7a de\u011fi\u015fimi gerekmektedir. \u0130\u015fte bu noktada, hidrolik delici i\u015f makineleri i\u00e7in yedek par\u00e7a \u00fcreten firmam\u0131z devreye giriyor.<\/li><li>Firmam\u0131z, y\u0131llard\u0131r hidrolik delici i\u015f makineleri i\u00e7in yedek par\u00e7a \u00fcretimi ya\u011fmaktad\u0131r. Sahip oldu\u011fumuz tecr\u00fcbe, bilgi ve uzmanl\u0131\u011f\u0131 ile \u00fcretti\u011fimiz yedek par\u00e7alar, sekt\u00f6rdeki en y\u00fcksek kalite standartlar\u0131n\u0131 kar\u015f\u0131lamaktad\u0131r. M\u00fc\u015fterilerimizin ihtiya\u00e7lar\u0131na g\u00f6re \u00f6zel olarak tasarlanm\u0131\u015f yedek par\u00e7alar\u0131m\u0131z, \u00e7e\u015fitli marka ve modeller i\u00e7in uygundur<\/li><li>Hidrolik delici i\u015f makineleri, yap\u0131 in\u015faat\u0131, madencilik ve di\u011fer sanayi alanlar\u0131nda s\u0131kl\u0131kla kullan\u0131lan dayan\u0131kl\u0131 ve y\u00fcksek performansl\u0131 makinelerdir. Bu makinelerin do\u011fru \u00e7al\u0131\u015fmas\u0131 ve performanslar\u0131n\u0131 en \u00fcst seviyede tutabilmek i\u00e7in d\u00fczenli bak\u0131m ve yedek par\u00e7a de\u011fi\u015fimi gerekmektedir. \u0130\u015fte bu noktada, hidrolik delici i\u015f makineleri i\u00e7in yedek par\u00e7a \u00fcreten firmam\u0131z devreye giriyor.<\/li><li>Firmam\u0131zda \u00fcretti\u011fimiz yedek par\u00e7alar aras\u0131nda hidrolik pompa ve motorlar, hidrolik silindirler, hidrolik<br \/>valfler, hidrolik hortumlar, hidrolik filtreler, hidrolik ya\u011f so\u011futucular\u0131 ve hidrolik ya\u011f so\u011futucular\u0131 ve hidrolik t\u00fcpler yer almaktad\u0131r.<\/li><li>Sonu\u00e7 olarak, hidrolik delici i\u015f makineleri i\u00e7in yedek par\u00e7a ihtiyac\u0131n\u0131z oldu\u011funda , firmam\u0131z size en kaliteli hizmeti ve yedek par\u00e7a \u00e7\u00f6z\u00fcmlerini sunmak i\u00e7in haz\u0131rd\u0131r. Uzman kadromuz ve geni\u015f \u00fcr\u00fcn yelpazemizle, sekt\u00f6rdeki en iyi hizmeti sunmak i\u00e7in \u00e7al\u0131\u015f\u0131yoruz<\/li><\/ul>\t\t\t\t\t\t<\/div>\n\t\t\t\t<\/div>\n\t\t\t\t<\/div>\n\t\t<div class=\"elementor-element elementor-element-6080b02 e-con-full e-flex e-con e-child\" data-id=\"6080b02\" data-element_type=\"container\" data-settings=\"{&quot;background_background&quot;:&quot;classic&quot;}\">\n\t\t\t\t<\/div>\n\t\t\t\t\t<\/div>\n\t\t\t\t<\/div>\n\t\t\t\t<\/div>\n\t\t","protected":false},"excerpt":{"rendered":"<p>HAKKIMIZDA Hidrolik delici i\u015f makineleri, yap\u0131 in\u015faat\u0131, madencilik ve di\u011fer sanayi alanlar\u0131nda s\u0131kl\u0131kla kullan\u0131lan, dayan\u0131kl\u0131 ve y\u00fcksek performansl\u0131 makinelerdir. Bu makinelerin do\u011fru \u00e7al\u0131\u015fmas\u0131 ve performanslar\u0131n\u0131 en \u00fcst seviyede tutabilmek i\u00e7in d\u00fczenli bak\u0131m ve yedek par\u00e7a de\u011fi\u015fimi gerekmektedir. \u0130\u015fte bu noktada, hidrolik delici i\u015f makineleri i\u00e7in yedek par\u00e7a \u00fcreten firmam\u0131z devreye giriyor. Firmam\u0131z, y\u0131llard\u0131r hidrolik delici [&hellip;]<\/p>\n","protected":false},"author":1,"featured_media":0,"parent":0,"menu_order":0,"comment_status":"closed","ping_status":"closed","template":"","meta":{"footnotes":""},"blocksy_meta":[],"_links":{"self":[{"href":"https:\/\/eurotekmakine.com.tr\/index.php?rest_route=\/wp\/v2\/pages\/12"}],"collection":[{"href":"https:\/\/eurotekmakine.com.tr\/index.php?rest_route=\/wp\/v2\/pages"}],"about":[{"href":"https:\/\/eurotekmakine.com.tr\/index.php?rest_route=\/wp\/v2\/types\/page"}],"author":[{"embeddable":true,"href":"https:\/\/eurotekmakine.com.tr\/index.php?rest_route=\/wp\/v2\/users\/1"}],"replies":[{"embeddable":true,"href":"https:\/\/eurotekmakine.com.tr\/index.php?rest_route=%2Fwp%2Fv2%2Fcomments&post=12"}],"version-history":[{"count":13,"href":"https:\/\/eurotekmakine.com.tr\/index.php?rest_route=\/wp\/v2\/pages\/12\/revisions"}],"predecessor-version":[{"id":109,"href":"https:\/\/eurotekmakine.com.tr\/index.php?rest_route=\/wp\/v2\/pages\/12\/revisions\/109"}],"wp:attachment":[{"href":"https:\/\/eurotekmakine.com.tr\/index.php?rest_route=%2Fwp%2Fv2%2Fmedia&parent=12"}],"curies":[{"name":"wp","href":"https:\/\/api.w.org\/{rel}","templated":true}]}}